{"id":9172,"date":"2024-10-12T11:08:40","date_gmt":"2024-10-12T11:08:40","guid":{"rendered":"https:\/\/ssm-carrental.com\/?page_id=9172"},"modified":"2024-10-12T11:17:37","modified_gmt":"2024-10-12T11:17:37","slug":"about-mauritius","status":"publish","type":"page","link":"https:\/\/ssm-carrental.com\/fr\/about-mauritius\/","title":{"rendered":"\u00c0 propos de l'\u00eele Maurice"},"content":{"rendered":"<div data-elementor-type=\"wp-page\" data-elementor-id=\"9172\" class=\"elementor elementor-9172\">\n\t\t\t\t<div class=\"elementor-element elementor-element-9c5c13e e-con-full e-flex e-con e-parent\" data-id=\"9c5c13e\" data-element_type=\"container\" data-settings=\"{&quot;background_background&quot;:&quot;classic&quot;}\">\n\t\t<div class=\"elementor-element elementor-element-41df74a bg-section e-flex e-con-boxed e-con e-child\" data-id=\"41df74a\" data-element_type=\"container\" data-settings=\"{&quot;background_background&quot;:&quot;classic&quot;}\">\n\t\t\t\t\t<div class=\"e-con-inner\">\n\t\t<div class=\"elementor-element elementor-element-024839b e-con-full e-flex e-con e-child\" data-id=\"024839b\" data-element_type=\"container\">\n\t\t\t\t<div class=\"elementor-element elementor-element-c3bd570 at-heading-animation at-animation-heading-style-3 elementor-widget elementor-widget-heading\" data-id=\"c3bd570\" data-element_type=\"widget\" data-settings=\"{&quot;ekit_we_effect_on&quot;:&quot;none&quot;}\" data-widget_type=\"heading.default\">\n\t\t\t\t<div class=\"elementor-widget-container\">\n\t\t\t\t\t<h1 class=\"elementor-heading-title elementor-size-default\">\u00c0 propos de l'\u00eele Maurice<\/h1>\t\t\t\t<\/div>\n\t\t\t\t<\/div>\n\t\t\t\t<div class=\"elementor-element elementor-element-c1edb20 breadcrumb-style elementor-invisible elementor-widget elementor-widget-elementskit-breadcrumb\" data-id=\"c1edb20\" data-element_type=\"widget\" data-settings=\"{&quot;_animation&quot;:&quot;fadeInUp&quot;,&quot;ekit_we_effect_on&quot;:&quot;none&quot;}\" data-widget_type=\"elementskit-breadcrumb.default\">\n\t\t\t\t<div class=\"elementor-widget-container\">\n\t\t\t\t\t<div class=\"ekit-wid-con\" ><ol class=\"ekit-breadcrumb\"><li class=\"ekit_breadcrumbs_start\"><a href=\"https:\/\/ssm-carrental.com\/fr\/\">Accueil<\/a><\/li> <li class=\"brd_sep\"><span class=\"separate_icon\"><svg xmlns=\"http:\/\/www.w3.org\/2000\/svg\" width=\"7\" height=\"12\" viewbox=\"0 0 7 12\"><path d=\"M0.283883 11.68L4.95988 0.129999H6.70988L2.03388 11.68H0.283883Z\" fill=\"white\"><\/path><\/svg><\/span><\/li>  <li>\u00c0 propos de l'\u00eele Maurice<\/li><\/ol><\/div>\t\t\t\t<\/div>\n\t\t\t\t<\/div>\n\t\t\t\t<\/div>\n\t\t\t\t\t<\/div>\n\t\t\t\t<\/div>\n\t\t\t\t<\/div>\n\t\t<div class=\"elementor-element elementor-element-585283d e-flex e-con-boxed e-con e-parent\" data-id=\"585283d\" data-element_type=\"container\">\n\t\t\t\t\t<div class=\"e-con-inner\">\n\t\t<div class=\"elementor-element elementor-element-334a460 e-con-full e-flex e-con e-child\" data-id=\"334a460\" data-element_type=\"container\">\n\t\t<div class=\"elementor-element elementor-element-2695c89 e-con-full sticky-column e-flex e-con e-child\" data-id=\"2695c89\" data-element_type=\"container\">\n\t\t\t\t<div class=\"elementor-element elementor-element-0a1453d elementor-widget elementor-widget-novaride-elementor-template\" data-id=\"0a1453d\" data-element_type=\"widget\" data-settings=\"{&quot;ekit_we_effect_on&quot;:&quot;none&quot;}\" data-widget_type=\"novaride-elementor-template.default\">\n\t\t\t\t<div class=\"elementor-widget-container\">\n\t\t\t\t\t\t\t<div class=\"elementor-template\">\n\t\t\t\t\t<\/div>\n\t\t\t\t\t\t<\/div>\n\t\t\t\t<\/div>\n\t\t\t\t<\/div>\n\t\t\t\t<\/div>\n\t\t<div class=\"elementor-element elementor-element-ba8132e e-con-full e-flex e-con e-child\" data-id=\"ba8132e\" data-element_type=\"container\">\n\t\t<div class=\"elementor-element elementor-element-4e9434e e-con-full e-flex e-con e-child\" data-id=\"4e9434e\" data-element_type=\"container\">\n\t\t\t\t<div class=\"elementor-element elementor-element-51e748c at-heading-animation at-animation-heading-style-3 elementor-widget elementor-widget-heading\" data-id=\"51e748c\" data-element_type=\"widget\" data-settings=\"{&quot;ekit_we_effect_on&quot;:&quot;none&quot;}\" data-widget_type=\"heading.default\">\n\t\t\t\t<div class=\"elementor-widget-container\">\n\t\t\t\t\t<h2 class=\"elementor-heading-title elementor-size-default\">Explorez l\u2019\u00eele Maurice : un m\u00e9lange unique de diversit\u00e9 et de possibilit\u00e9s<\/h2>\t\t\t\t<\/div>\n\t\t\t\t<\/div>\n\t\t\t\t<div class=\"elementor-element elementor-element-ca37462 elementor-invisible elementor-widget elementor-widget-text-editor\" data-id=\"ca37462\" data-element_type=\"widget\" data-settings=\"{&quot;_animation&quot;:&quot;fadeInUp&quot;,&quot;_animation_delay&quot;:100,&quot;ekit_we_effect_on&quot;:&quot;none&quot;}\" data-widget_type=\"text-editor.default\">\n\t\t\t\t<div class=\"elementor-widget-container\">\n\t\t\t\t\t\t\t\t\t<p>L\u2019\u00eele Maurice est une magnifique nation insulaire situ\u00e9e dans l\u2019oc\u00e9an Indien, reconnue pour ses plages \u00e0 couper le souffle, sa culture dynamique et l\u2019accueil chaleureux de sa population.\nMais au-del\u00e0 de sa beaut\u00e9 naturelle, l\u2019\u00eele offre \u00e9galement un environnement stable et prosp\u00e8re, aussi bien pour ses habitants que pour ses visiteurs.<\/p><p>Que vous soyez \u00e0 l\u2019\u00eele Maurice pour affaires ou pour vos vacances, vous y trouverez un cadre id\u00e9al gr\u00e2ce \u00e0 son climat tropical, la solidit\u00e9 de ses syst\u00e8mes financiers et la stabilit\u00e9 de sa gouvernance.<\/p>\t\t\t\t\t\t\t\t<\/div>\n\t\t\t\t<\/div>\n\t\t\t\t<\/div>\n\t\t<div class=\"elementor-element elementor-element-4bf166c e-con-full e-flex e-con e-child\" data-id=\"4bf166c\" data-element_type=\"container\">\n\t\t\t\t<div class=\"elementor-element elementor-element-f7cc26a elementor-widget elementor-widget-text-editor\" data-id=\"f7cc26a\" data-element_type=\"widget\" data-settings=\"{&quot;ekit_we_effect_on&quot;:&quot;none&quot;}\" data-widget_type=\"text-editor.default\">\n\t\t\t\t<div class=\"elementor-widget-container\">\n\t\t\t\t\t\t\t\t\t<p><strong>Stabilit\u00e9 et gouvernance<\/strong><br \/>L\u2019\u00eele Maurice est reconnue pour sa stabilit\u00e9 politique, port\u00e9e par un gouvernement d\u00e9mocratique bien \u00e9tabli qui a favoris\u00e9 la croissance \u00e9conomique et un environnement s\u00fbr pour les r\u00e9sidents comme pour les visiteurs.\nCette fiabilit\u00e9 fait de l\u2019\u00eele une destination privil\u00e9gi\u00e9e pour les entreprises et les investissements internationaux.<\/p><p><strong>Devise<\/strong><br \/>La monnaie locale, la roupie mauricienne (MUR), est largement accept\u00e9e et facile \u00e0 \u00e9changer.\nLa stabilit\u00e9 \u00e9conomique de l\u2019\u00eele garantit des taux de change relativement constants, ce qui est pratique aussi bien pour les visiteurs de courte dur\u00e9e que pour les r\u00e9sidents \u00e0 long terme.<\/p><p><strong>Climat<\/strong><br \/>L\u2019\u00eele Maurice b\u00e9n\u00e9ficie d\u2019un climat tropical agr\u00e9able, avec des temp\u00e9ratures chaudes tout au long de l\u2019ann\u00e9e.\nLes hivers sont doux, les \u00e9t\u00e9s ensoleill\u00e9s, cr\u00e9ant des conditions id\u00e9ales pour profiter pleinement de l\u2019\u00eele en toute saison.\nQue vous souhaitiez vous d\u00e9tendre sur les plages de sable fin ou explorer l\u2019arri\u00e8re-pays, la m\u00e9t\u00e9o mauricienne se pr\u00eate parfaitement aux activit\u00e9s de plein air et aux moments de d\u00e9tente au soleil.<\/p><p><strong>Syst\u00e8me bancaire<\/strong><br \/>L\u2019\u00eele Maurice dispose d\u2019un syst\u00e8me bancaire moderne, s\u00e9curis\u00e9 et bien r\u00e9glement\u00e9.\nAvec la pr\u00e9sence de nombreuses banques locales et internationales, il est facile pour les r\u00e9sidents comme pour les visiteurs de g\u00e9rer leurs finances.\nL\u2019infrastructure bancaire soutient activement les investissements \u00e9trangers, et les services bancaires en ligne sont largement accessibles.<\/p><p><strong>M\u00e9t\u00e9o<\/strong><br \/>L\u2019\u00eele Maurice profite d\u2019un climat ensoleill\u00e9 toute l\u2019ann\u00e9e, avec des temp\u00e9ratures g\u00e9n\u00e9ralement comprises entre 20\u202f\u00b0C et 30\u202f\u00b0C.\nL\u2019\u00eele conna\u00eet deux saisons principales : un \u00e9t\u00e9 chaud et humide, de novembre \u00e0 avril, et un hiver plus frais et sec, de mai \u00e0 octobre.\nCe climat agr\u00e9able en fait une destination id\u00e9ale pour ceux qui recherchent le soleil et la d\u00e9tente, quelle que soit la saison.<\/p>\t\t\t\t\t\t\t\t<\/div>\n\t\t\t\t<\/div>\n\t\t\t\t<\/div>\n\t\t\t\t<\/div>\n\t\t\t\t\t<\/div>\n\t\t\t\t<\/div>\n\t\t\t\t<\/div>","protected":false},"excerpt":{"rendered":"<p>About Mauritius Home Welcome to Mauritius: An Island of Diversity and Opportunity [&hellip;]<\/p>","protected":false},"author":1,"featured_media":0,"parent":0,"menu_order":0,"comment_status":"closed","ping_status":"closed","template":"elementor_header_footer","meta":{"footnotes":""},"class_list":["post-9172","page","type-page","status-publish","hentry"],"_links":{"self":[{"href":"https:\/\/ssm-carrental.com\/fr\/wp-json\/wp\/v2\/pages\/9172","targetHints":{"allow":["GET"]}}],"collection":[{"href":"https:\/\/ssm-carrental.com\/fr\/wp-json\/wp\/v2\/pages"}],"about":[{"href":"https:\/\/ssm-carrental.com\/fr\/wp-json\/wp\/v2\/types\/page"}],"author":[{"embeddable":true,"href":"https:\/\/ssm-carrental.com\/fr\/wp-json\/wp\/v2\/users\/1"}],"replies":[{"embeddable":true,"href":"https:\/\/ssm-carrental.com\/fr\/wp-json\/wp\/v2\/comments?post=9172"}],"version-history":[{"count":10,"href":"https:\/\/ssm-carrental.com\/fr\/wp-json\/wp\/v2\/pages\/9172\/revisions"}],"predecessor-version":[{"id":9183,"href":"https:\/\/ssm-carrental.com\/fr\/wp-json\/wp\/v2\/pages\/9172\/revisions\/9183"}],"wp:attachment":[{"href":"https:\/\/ssm-carrental.com\/fr\/wp-json\/wp\/v2\/media?parent=9172"}],"curies":[{"name":"wp","href":"https:\/\/api.w.org\/{rel}","templated":true}]}}