{"id":9134,"date":"2024-10-12T09:28:09","date_gmt":"2024-10-12T09:28:09","guid":{"rendered":"https:\/\/ssm-carrental.com\/?page_id=9134"},"modified":"2024-10-29T22:05:56","modified_gmt":"2024-10-29T18:05:56","slug":"benefits-support","status":"publish","type":"page","link":"https:\/\/ssm-carrental.com\/fr\/benefits-support\/","title":{"rendered":"Support"},"content":{"rendered":"<div data-elementor-type=\"wp-page\" data-elementor-id=\"9134\" class=\"elementor elementor-9134\">\n\t\t\t\t<div class=\"elementor-element elementor-element-9c5c13e e-con-full e-flex e-con e-parent\" data-id=\"9c5c13e\" data-element_type=\"container\" data-settings=\"{&quot;background_background&quot;:&quot;classic&quot;}\">\n\t\t<div class=\"elementor-element elementor-element-41df74a bg-section e-flex e-con-boxed e-con e-child\" data-id=\"41df74a\" data-element_type=\"container\" data-settings=\"{&quot;background_background&quot;:&quot;classic&quot;}\">\n\t\t\t\t\t<div class=\"e-con-inner\">\n\t\t<div class=\"elementor-element elementor-element-024839b e-con-full e-flex e-con e-child\" data-id=\"024839b\" data-element_type=\"container\">\n\t\t\t\t<div class=\"elementor-element elementor-element-c3bd570 at-heading-animation at-animation-heading-style-3 elementor-widget elementor-widget-heading\" data-id=\"c3bd570\" data-element_type=\"widget\" data-settings=\"{&quot;ekit_we_effect_on&quot;:&quot;none&quot;}\" data-widget_type=\"heading.default\">\n\t\t\t\t<div class=\"elementor-widget-container\">\n\t\t\t\t\t<h1 class=\"elementor-heading-title elementor-size-default\">Support<\/h1>\t\t\t\t<\/div>\n\t\t\t\t<\/div>\n\t\t\t\t<div class=\"elementor-element elementor-element-c1edb20 breadcrumb-style elementor-invisible elementor-widget elementor-widget-elementskit-breadcrumb\" data-id=\"c1edb20\" data-element_type=\"widget\" data-settings=\"{&quot;_animation&quot;:&quot;fadeInUp&quot;,&quot;ekit_we_effect_on&quot;:&quot;none&quot;}\" data-widget_type=\"elementskit-breadcrumb.default\">\n\t\t\t\t<div class=\"elementor-widget-container\">\n\t\t\t\t\t<div class=\"ekit-wid-con\" ><ol class=\"ekit-breadcrumb\"><li class=\"ekit_breadcrumbs_start\"><a href=\"https:\/\/ssm-carrental.com\/fr\/\">Accueil<\/a><\/li> <li class=\"brd_sep\"><span class=\"separate_icon\"><svg xmlns=\"http:\/\/www.w3.org\/2000\/svg\" width=\"7\" height=\"12\" viewbox=\"0 0 7 12\"><path d=\"M0.283883 11.68L4.95988 0.129999H6.70988L2.03388 11.68H0.283883Z\" fill=\"white\"><\/path><\/svg><\/span><\/li>  <li>Support<\/li><\/ol><\/div>\t\t\t\t<\/div>\n\t\t\t\t<\/div>\n\t\t\t\t<\/div>\n\t\t\t\t\t<\/div>\n\t\t\t\t<\/div>\n\t\t\t\t<\/div>\n\t\t<div class=\"elementor-element elementor-element-585283d e-flex e-con-boxed e-con e-parent\" data-id=\"585283d\" data-element_type=\"container\">\n\t\t\t\t\t<div class=\"e-con-inner\">\n\t\t<div class=\"elementor-element elementor-element-334a460 e-con-full e-flex e-con e-child\" data-id=\"334a460\" data-element_type=\"container\">\n\t\t<div class=\"elementor-element elementor-element-2695c89 e-con-full sticky-column e-flex e-con e-child\" data-id=\"2695c89\" data-element_type=\"container\">\n\t\t\t\t<div class=\"elementor-element elementor-element-0a1453d elementor-widget elementor-widget-novaride-elementor-template\" data-id=\"0a1453d\" data-element_type=\"widget\" data-settings=\"{&quot;ekit_we_effect_on&quot;:&quot;none&quot;}\" data-widget_type=\"novaride-elementor-template.default\">\n\t\t\t\t<div class=\"elementor-widget-container\">\n\t\t\t\t\t\t\t<div class=\"elementor-template\">\n\t\t\t\t\t<\/div>\n\t\t\t\t\t\t<\/div>\n\t\t\t\t<\/div>\n\t\t\t\t<\/div>\n\t\t\t\t<\/div>\n\t\t<div class=\"elementor-element elementor-element-ba8132e e-con-full e-flex e-con e-child\" data-id=\"ba8132e\" data-element_type=\"container\">\n\t\t<div class=\"elementor-element elementor-element-4e9434e e-con-full e-flex e-con e-child\" data-id=\"4e9434e\" data-element_type=\"container\">\n\t\t\t\t<div class=\"elementor-element elementor-element-51e748c at-heading-animation at-animation-heading-style-3 elementor-widget elementor-widget-heading\" data-id=\"51e748c\" data-element_type=\"widget\" data-settings=\"{&quot;ekit_we_effect_on&quot;:&quot;none&quot;}\" data-widget_type=\"heading.default\">\n\t\t\t\t<div class=\"elementor-widget-container\">\n\t\t\t\t\t<h2 class=\"elementor-heading-title elementor-size-default\">Avec SSM Car Rental, profitez d\u2019une location simple et avantageuse<\/h2>\t\t\t\t<\/div>\n\t\t\t\t<\/div>\n\t\t\t\t<div class=\"elementor-element elementor-element-ca37462 elementor-invisible elementor-widget elementor-widget-text-editor\" data-id=\"ca37462\" data-element_type=\"widget\" data-settings=\"{&quot;_animation&quot;:&quot;fadeInUp&quot;,&quot;_animation_delay&quot;:100,&quot;ekit_we_effect_on&quot;:&quot;none&quot;}\" data-widget_type=\"text-editor.default\">\n\t\t\t\t<div class=\"elementor-widget-container\">\n\t\t\t\t\t\t\t\t\t<p>Chez SSM Car Rental, nous avons \u00e0 c\u0153ur de rendre votre exp\u00e9rience de location aussi simple et sans stress que possible.\nQue vous soyez \u00e0 l\u2019\u00eele Maurice pour un court s\u00e9jour ou une longue p\u00e9riode, nous vous proposons de nombreux avantages pour que vous profitiez pleinement de votre temps sur l\u2019\u00eele.<\/p><p>De l\u2019assurance compl\u00e8te aux politiques flexibles, nos services sont con\u00e7us pour vous offrir tranquillit\u00e9 d\u2019esprit et libert\u00e9, afin que vous puissiez explorer l\u2019\u00eele en toute confiance.<\/p>\t\t\t\t\t\t\t\t<\/div>\n\t\t\t\t<\/div>\n\t\t\t\t<\/div>\n\t\t<div class=\"elementor-element elementor-element-4bf166c e-con-full e-flex e-con e-child\" data-id=\"4bf166c\" data-element_type=\"container\">\n\t\t\t\t<div class=\"elementor-element elementor-element-f7cc26a elementor-widget elementor-widget-text-editor\" data-id=\"f7cc26a\" data-element_type=\"widget\" data-settings=\"{&quot;ekit_we_effect_on&quot;:&quot;none&quot;}\" data-widget_type=\"text-editor.default\">\n\t\t\t\t<div class=\"elementor-widget-container\">\n\t\t\t\t\t\t\t\t\t<p><strong>Couverture d\u2019assurance compl\u00e8te<\/strong><br \/>Nous offrons une assurance tous risques avec chaque location de voiture \u00e0 l\u2019\u00eele Maurice, pour vous garantir une tranquillit\u00e9 d\u2019esprit tout au long de votre voyage.\nInutile de vous soucier des impr\u00e9vus : nous nous occupons de tout, afin que vous puissiez profiter pleinement de votre s\u00e9jour.<\/p><p><strong>Fiabilit\u00e9 et s\u00e9curit\u00e9<\/strong><br \/>Chez SSM Car Rental, votre s\u00e9curit\u00e9 est notre priorit\u00e9.\nNotre processus de r\u00e9servation est s\u00e9curis\u00e9, et nos v\u00e9hicules sont fiables, r\u00e9guli\u00e8rement contr\u00f4l\u00e9s et \u00e9quip\u00e9s des derni\u00e8res technologies de s\u00e9curit\u00e9 pour vous garantir un trajet fluide et en toute s\u00e9r\u00e9nit\u00e9.<\/p><p><strong>V\u00e9hicules r\u00e9guli\u00e8rement entretenus<\/strong><br \/>Notre flotte de v\u00e9hicules est soigneusement entretenue et maintenue en excellent \u00e9tat afin de vous garantir une exp\u00e9rience s\u00fbre et confortable.\nQue vous ayez besoin d\u2019une location de courte ou de longue dur\u00e9e \u00e0 l\u2019\u00eele Maurice, nos voitures sont pr\u00eates \u00e0 prendre la route.<\/p><p><strong>Assistance d\u00e9pannage 24 heures sur 24<\/strong><br \/>O\u00f9 que vous soyez \u00e0 l\u2019\u00eele Maurice, vous pouvez rouler en toute s\u00e9r\u00e9nit\u00e9.\nGr\u00e2ce \u00e0 notre service d\u2019assistance routi\u00e8re disponible 24h\/24, une aide est toujours \u00e0 port\u00e9e de main en cas de panne ou d\u2019impr\u00e9vu.\nDe jour comme de nuit, notre \u00e9quipe est pr\u00eate \u00e0 intervenir rapidement, afin que vous puissiez poursuivre votre voyage en toute tranquillit\u00e9.<\/p><p><strong>Service de livraison et de reprise offert<\/strong><br \/>Nous simplifions la location de voiture \u00e0 l\u2019\u00eele Maurice gr\u00e2ce \u00e0 un service de livraison et de r\u00e9cup\u00e9ration gratuit.\nQue vous soyez \u00e0 l\u2019a\u00e9roport, \u00e0 votre h\u00f4tel ou \u00e0 un autre lieu, nous vous remettons le v\u00e9hicule l\u00e0 o\u00f9 vous \u00eates et le r\u00e9cup\u00e9rons \u00e0 la fin de votre location.<\/p><p><strong>Politique d\u2019annulation flexible<\/strong><br \/>Nous comprenons que les plans peuvent \u00e9voluer. C\u2019est pourquoi nous proposons une politique d\u2019annulation flexible, vous permettant de modifier ou d\u2019annuler votre r\u00e9servation en toute simplicit\u00e9 \u2014 faisant de nous l\u2019une des options de location de voiture les plus pratiques \u00e0 l\u2019\u00eele Maurice.<\/p><p><strong>Kilom\u00e9trage illimit\u00e9<\/strong><br \/>Gr\u00e2ce \u00e0 notre kilom\u00e9trage illimit\u00e9, vous pouvez explorer l\u2019\u00eele Maurice \u00e0 votre rythme, sans vous soucier de frais suppl\u00e9mentaires.\nRoulez autant que vous le souhaitez et profitez pleinement de la libert\u00e9 de d\u00e9couvrir toute la beaut\u00e9 de l\u2019\u00eele.<\/p><p><strong>Transparence totale sur les tarifs<\/strong><br \/>Ce que vous voyez, c\u2019est ce que vous payez \u2014 aucun frais cach\u00e9, aucune mauvaise surprise, ce qui fait de nous un choix de confiance pour la location de voiture la plus abordable \u00e0 l\u2019\u00eele Maurice, sans compromis sur la qualit\u00e9.<\/p><p><strong>Z\u00e9ro commission<\/strong><br \/>Nous appliquons une politique z\u00e9ro commission, ce qui signifie que vous b\u00e9n\u00e9ficiez toujours des meilleurs tarifs en r\u00e9servant directement aupr\u00e8s de nous, sans frais suppl\u00e9mentaires ni interm\u00e9diaires.<\/p><p><strong>Aucun d\u00e9p\u00f4t requis<\/strong><br \/>Nous simplifions la location de voiture en ne demandant aucun d\u00e9p\u00f4t lors de la r\u00e9servation.\nR\u00e9servez en toute confiance, sans avance ni frais bloquants.<\/p><p><strong>Si\u00e8ges de s\u00e9curit\u00e9 enfant<\/strong><br \/>La s\u00e9curit\u00e9 de votre famille est essentielle pour nous.\nC\u2019est pourquoi nous mettons \u00e0 votre disposition des si\u00e8ges enfants sur demande, afin que m\u00eame les plus jeunes passagers puissent voyager en toute s\u00e9curit\u00e9 et dans le confort pendant votre location de voiture \u00e0 l\u2019\u00eele Maurice.<\/p><p><strong>Informations pratiques<\/strong><br \/>En plus de nos services de location, nous mettons \u00e0 votre disposition des guides pratiques et des conseils de voyage pour vous aider \u00e0 profiter pleinement de votre s\u00e9jour \u00e0 l\u2019\u00eele Maurice.\nDes lieux incontournables aux conseils de conduite, nous sommes l\u00e0 pour rendre votre exp\u00e9rience plus simple, agr\u00e9able et enrichissante.<\/p>\t\t\t\t\t\t\t\t<\/div>\n\t\t\t\t<\/div>\n\t\t\t\t<\/div>\n\t\t\t\t<\/div>\n\t\t\t\t\t<\/div>\n\t\t\t\t<\/div>\n\t\t\t\t<\/div>","protected":false},"excerpt":{"rendered":"<p>Benefits &amp; Support Home Discover the Perks of Renting with SSM Car [&hellip;]<\/p>","protected":false},"author":1,"featured_media":0,"parent":0,"menu_order":0,"comment_status":"closed","ping_status":"closed","template":"elementor_header_footer","meta":{"footnotes":""},"class_list":["post-9134","page","type-page","status-publish","hentry"],"_links":{"self":[{"href":"https:\/\/ssm-carrental.com\/fr\/wp-json\/wp\/v2\/pages\/9134","targetHints":{"allow":["GET"]}}],"collection":[{"href":"https:\/\/ssm-carrental.com\/fr\/wp-json\/wp\/v2\/pages"}],"about":[{"href":"https:\/\/ssm-carrental.com\/fr\/wp-json\/wp\/v2\/types\/page"}],"author":[{"embeddable":true,"href":"https:\/\/ssm-carrental.com\/fr\/wp-json\/wp\/v2\/users\/1"}],"replies":[{"embeddable":true,"href":"https:\/\/ssm-carrental.com\/fr\/wp-json\/wp\/v2\/comments?post=9134"}],"version-history":[{"count":19,"href":"https:\/\/ssm-carrental.com\/fr\/wp-json\/wp\/v2\/pages\/9134\/revisions"}],"predecessor-version":[{"id":9496,"href":"https:\/\/ssm-carrental.com\/fr\/wp-json\/wp\/v2\/pages\/9134\/revisions\/9496"}],"wp:attachment":[{"href":"https:\/\/ssm-carrental.com\/fr\/wp-json\/wp\/v2\/media?parent=9134"}],"curies":[{"name":"wp","href":"https:\/\/api.w.org\/{rel}","templated":true}]}}