{"id":776,"date":"2024-08-05T04:34:49","date_gmt":"2024-08-05T04:34:49","guid":{"rendered":"https:\/\/demo.awaikenthemes.com\/novaride\/?page_id=776"},"modified":"2024-10-29T22:04:09","modified_gmt":"2024-10-29T18:04:09","slug":"about-us","status":"publish","type":"page","link":"https:\/\/ssm-carrental.com\/fr\/about-us\/","title":{"rendered":"\u00c0 propos"},"content":{"rendered":"<div data-elementor-type=\"wp-page\" data-elementor-id=\"776\" class=\"elementor elementor-776\">\n\t\t\t\t<div class=\"elementor-element elementor-element-6ccd1dc e-con-full e-flex e-con e-parent\" data-id=\"6ccd1dc\" data-element_type=\"container\">\n\t\t<div class=\"elementor-element elementor-element-529a6c8 bg-section e-flex e-con-boxed e-con e-child\" data-id=\"529a6c8\" data-element_type=\"container\" data-settings=\"{&quot;background_background&quot;:&quot;classic&quot;}\">\n\t\t\t\t\t<div class=\"e-con-inner\">\n\t\t<div class=\"elementor-element elementor-element-668c74b e-con-full e-flex e-con e-child\" data-id=\"668c74b\" data-element_type=\"container\">\n\t\t\t\t<div class=\"elementor-element elementor-element-9e68957 at-heading-animation at-animation-heading-style-3 elementor-widget elementor-widget-heading\" data-id=\"9e68957\" data-element_type=\"widget\" data-settings=\"{&quot;ekit_we_effect_on&quot;:&quot;none&quot;}\" data-widget_type=\"heading.default\">\n\t\t\t\t<div class=\"elementor-widget-container\">\n\t\t\t\t\t<h1 class=\"elementor-heading-title elementor-size-default\">\u00c0 propos<\/h1>\t\t\t\t<\/div>\n\t\t\t\t<\/div>\n\t\t\t\t<div class=\"elementor-element elementor-element-34315d8 breadcrumb-style elementor-invisible elementor-widget elementor-widget-elementskit-breadcrumb\" data-id=\"34315d8\" data-element_type=\"widget\" data-settings=\"{&quot;_animation&quot;:&quot;fadeInUp&quot;,&quot;ekit_we_effect_on&quot;:&quot;none&quot;}\" data-widget_type=\"elementskit-breadcrumb.default\">\n\t\t\t\t<div class=\"elementor-widget-container\">\n\t\t\t\t\t<div class=\"ekit-wid-con\" ><ol class=\"ekit-breadcrumb\"><li class=\"ekit_breadcrumbs_start\"><a href=\"https:\/\/ssm-carrental.com\/fr\/\">Accueil<\/a><\/li> <li class=\"brd_sep\"><span class=\"separate_icon\"><svg xmlns=\"http:\/\/www.w3.org\/2000\/svg\" width=\"7\" height=\"12\" viewbox=\"0 0 7 12\"><path d=\"M0.283883 11.68L4.95988 0.129999H6.70988L2.03388 11.68H0.283883Z\" fill=\"white\"><\/path><\/svg><\/span><\/li>  <li>\u00c0 propos<\/li><\/ol><\/div>\t\t\t\t<\/div>\n\t\t\t\t<\/div>\n\t\t\t\t<\/div>\n\t\t\t\t\t<\/div>\n\t\t\t\t<\/div>\n\t\t\t\t<\/div>\n\t\t<div class=\"elementor-element elementor-element-f9fa748 e-flex e-con-boxed e-con e-parent\" data-id=\"f9fa748\" data-element_type=\"container\">\n\t\t\t\t\t<div class=\"e-con-inner\">\n\t\t<div class=\"elementor-element elementor-element-7a90cfc e-con-full e-flex e-con e-child\" data-id=\"7a90cfc\" data-element_type=\"container\" data-settings=\"{&quot;background_background&quot;:&quot;classic&quot;}\">\n\t\t\t\t<div class=\"elementor-element elementor-element-e2615cc elementor-widget elementor-widget-image\" data-id=\"e2615cc\" data-element_type=\"widget\" data-settings=\"{&quot;ekit_we_effect_on&quot;:&quot;none&quot;}\" data-widget_type=\"image.default\">\n\t\t\t\t<div class=\"elementor-widget-container\">\n\t\t\t\t\t\t\t\t\t\t\t\t\t\t\t<img fetchpriority=\"high\" decoding=\"async\" width=\"307\" height=\"466\" src=\"https:\/\/ssm-carrental.com\/wp-content\/uploads\/2024\/10\/about-keys.jpg\" class=\"attachment-full size-full wp-image-9208\" alt=\"\" srcset=\"https:\/\/ssm-carrental.com\/wp-content\/uploads\/2024\/10\/about-keys.jpg 307w, https:\/\/ssm-carrental.com\/wp-content\/uploads\/2024\/10\/about-keys-198x300.jpg 198w, https:\/\/ssm-carrental.com\/wp-content\/uploads\/2024\/10\/about-keys-158x240.jpg 158w\" sizes=\"(max-width: 307px) 100vw, 307px\" \/>\t\t\t\t\t\t\t\t\t\t\t\t\t\t\t<\/div>\n\t\t\t\t<\/div>\n\t\t\t\t<div class=\"elementor-element elementor-element-7b9017c elementor-absolute elementor-widget elementor-widget-image\" data-id=\"7b9017c\" data-element_type=\"widget\" data-settings=\"{&quot;_position&quot;:&quot;absolute&quot;,&quot;ekit_we_effect_on&quot;:&quot;none&quot;}\" data-widget_type=\"image.default\">\n\t\t\t\t<div class=\"elementor-widget-container\">\n\t\t\t\t\t\t\t\t\t\t\t\t\t\t\t<img decoding=\"async\" width=\"307\" height=\"466\" src=\"https:\/\/ssm-carrental.com\/wp-content\/uploads\/2024\/10\/car-rental-beach-1.jpg\" class=\"attachment-full size-full wp-image-9204\" alt=\"\" srcset=\"https:\/\/ssm-carrental.com\/wp-content\/uploads\/2024\/10\/car-rental-beach-1.jpg 307w, https:\/\/ssm-carrental.com\/wp-content\/uploads\/2024\/10\/car-rental-beach-1-198x300.jpg 198w, https:\/\/ssm-carrental.com\/wp-content\/uploads\/2024\/10\/car-rental-beach-1-158x240.jpg 158w\" sizes=\"(max-width: 307px) 100vw, 307px\" \/>\t\t\t\t\t\t\t\t\t\t\t\t\t\t\t<\/div>\n\t\t\t\t<\/div>\n\t\t\t\t<\/div>\n\t\t<div class=\"elementor-element elementor-element-131dd31 e-con-full e-flex e-con e-child\" data-id=\"131dd31\" data-element_type=\"container\">\n\t\t\t\t<div class=\"elementor-element elementor-element-0cfcf2c section-title at-heading-animation at-animation-heading-none elementor-invisible elementor-widget elementor-widget-heading\" data-id=\"0cfcf2c\" data-element_type=\"widget\" data-settings=\"{&quot;_animation&quot;:&quot;fadeInUp&quot;,&quot;ekit_we_effect_on&quot;:&quot;none&quot;}\" data-widget_type=\"heading.default\">\n\t\t\t\t<div class=\"elementor-widget-container\">\n\t\t\t\t\t<h3 class=\"elementor-heading-title elementor-size-default\">\u00c0 propos<\/h3>\t\t\t\t<\/div>\n\t\t\t\t<\/div>\n\t\t\t\t<div class=\"elementor-element elementor-element-a100ed7 at-heading-animation at-animation-heading-style-3 elementor-widget elementor-widget-heading\" data-id=\"a100ed7\" data-element_type=\"widget\" data-settings=\"{&quot;ekit_we_effect_on&quot;:&quot;none&quot;}\" data-widget_type=\"heading.default\">\n\t\t\t\t<div class=\"elementor-widget-container\">\n\t\t\t\t\t<h2 class=\"elementor-heading-title elementor-size-default\">Notre histoire<\/h2>\t\t\t\t<\/div>\n\t\t\t\t<\/div>\n\t\t\t\t<div class=\"elementor-element elementor-element-26684d1 elementor-invisible elementor-widget elementor-widget-text-editor\" data-id=\"26684d1\" data-element_type=\"widget\" data-settings=\"{&quot;_animation&quot;:&quot;fadeInUp&quot;,&quot;_animation_delay&quot;:100,&quot;ekit_we_effect_on&quot;:&quot;none&quot;}\" data-widget_type=\"text-editor.default\">\n\t\t\t\t<div class=\"elementor-widget-container\">\n\t\t\t\t\t\t\t\t\t<p class=\"translation-block\">Fond\u00e9e il y a 10 ans avec seulement deux voitures, SSM Car Rental est devenue un service de location de voitures fiable et reconnu \u00e0 l\u2019\u00eele Maurice, disposant aujourd\u2019hui d\u2019une large flotte de v\u00e9hicules bien entretenus.\nNotre parcours est marqu\u00e9 par l\u2019engagement, la croissance et la volont\u00e9 constante d\u2019offrir \u00e0 nos clients la meilleure exp\u00e9rience de location sur l\u2019ensemble de l\u2019\u00eele.<\/p><p class=\"translation-block\">Que vous soyez \u00e0 l\u2019\u00eele Maurice pour affaires ou pour vos vacances, nous veillons \u00e0 ce que vos d\u00e9placements soient s\u00fbrs, confortables et pratiques \u2014 tout en vous proposant parmi les tarifs de location des voitures les plus abordables, sans compromis sur la qualit\u00e9.<\/p>\t\t\t\t\t\t\t\t<\/div>\n\t\t\t\t<\/div>\n\t\t\t\t<div class=\"elementor-element elementor-element-1e66773 elementor-icon-list--layout-traditional elementor-list-item-link-full_width elementor-invisible elementor-widget elementor-widget-icon-list\" data-id=\"1e66773\" data-element_type=\"widget\" data-settings=\"{&quot;_animation&quot;:&quot;fadeInUp&quot;,&quot;_animation_delay&quot;:300,&quot;ekit_we_effect_on&quot;:&quot;none&quot;}\" data-widget_type=\"icon-list.default\">\n\t\t\t\t<div class=\"elementor-widget-container\">\n\t\t\t\t\t\t\t<ul class=\"elementor-icon-list-items\">\n\t\t\t\t\t\t\t<li class=\"elementor-icon-list-item\">\n\t\t\t\t\t\t\t\t\t\t\t<span class=\"elementor-icon-list-icon\">\n\t\t\t\t\t\t\t<i aria-hidden=\"true\" class=\"fas fa-check-circle\"><\/i>\t\t\t\t\t\t<\/span>\n\t\t\t\t\t\t\t\t\t\t<span class=\"elementor-icon-list-text\">Des prix avantageux pour tous les budgets, en toute transparence.<\/span>\n\t\t\t\t\t\t\t\t\t<\/li>\n\t\t\t\t\t\t\t\t<li class=\"elementor-icon-list-item\">\n\t\t\t\t\t\t\t\t\t\t\t<span class=\"elementor-icon-list-icon\">\n\t\t\t\t\t\t\t<i aria-hidden=\"true\" class=\"fas fa-check-circle\"><\/i>\t\t\t\t\t\t<\/span>\n\t\t\t\t\t\t\t\t\t\t<span class=\"elementor-icon-list-text\">Nous pla\u00e7ons vos besoins au c\u0153ur de nos priorit\u00e9s, en vous proposant des options flexibles et un accompagnement attentif.<\/span>\n\t\t\t\t\t\t\t\t\t<\/li>\n\t\t\t\t\t\t\t\t<li class=\"elementor-icon-list-item\">\n\t\t\t\t\t\t\t\t\t\t\t<span class=\"elementor-icon-list-icon\">\n\t\t\t\t\t\t\t<i aria-hidden=\"true\" class=\"fas fa-check-circle\"><\/i>\t\t\t\t\t\t<\/span>\n\t\t\t\t\t\t\t\t\t\t<span class=\"elementor-icon-list-text\">Un entretien r\u00e9gulier de notre flotte pour vous assurer des trajets s\u00fbrs et agr\u00e9ables.<\/span>\n\t\t\t\t\t\t\t\t\t<\/li>\n\t\t\t\t\t\t<\/ul>\n\t\t\t\t\t\t<\/div>\n\t\t\t\t<\/div>\n\t\t\t\t<\/div>\n\t\t\t\t\t<\/div>\n\t\t\t\t<\/div>\n\t\t<div class=\"elementor-element elementor-element-b3cdff2 e-flex e-con-boxed e-con e-parent\" data-id=\"b3cdff2\" data-element_type=\"container\" data-settings=\"{&quot;background_background&quot;:&quot;classic&quot;}\">\n\t\t\t\t\t<div class=\"e-con-inner\">\n\t\t<div class=\"elementor-element elementor-element-8ff79ed e-con-full e-flex e-con e-child\" data-id=\"8ff79ed\" data-element_type=\"container\">\n\t\t\t\t<div class=\"elementor-element elementor-element-8bda88a section-title at-heading-animation at-animation-heading-none elementor-invisible elementor-widget elementor-widget-heading\" data-id=\"8bda88a\" data-element_type=\"widget\" data-settings=\"{&quot;_animation&quot;:&quot;fadeInUp&quot;,&quot;ekit_we_effect_on&quot;:&quot;none&quot;}\" data-widget_type=\"heading.default\">\n\t\t\t\t<div class=\"elementor-widget-container\">\n\t\t\t\t\t<h3 class=\"elementor-heading-title elementor-size-default\">Vision, mission et valeurs<\/h3>\t\t\t\t<\/div>\n\t\t\t\t<\/div>\n\t\t\t\t<div class=\"elementor-element elementor-element-f0d07de at-heading-animation at-animation-heading-style-3 elementor-widget elementor-widget-heading\" data-id=\"f0d07de\" data-element_type=\"widget\" data-settings=\"{&quot;ekit_we_effect_on&quot;:&quot;none&quot;}\" data-widget_type=\"heading.default\">\n\t\t\t\t<div class=\"elementor-widget-container\">\n\t\t\t\t\t<h2 class=\"elementor-heading-title elementor-size-default\">Notre engagement et les principes qui nous animent<\/h2>\t\t\t\t<\/div>\n\t\t\t\t<\/div>\n\t\t\t\t<\/div>\n\t\t<div class=\"elementor-element elementor-element-68bdad1 e-flex e-con-boxed e-con e-child\" data-id=\"68bdad1\" data-element_type=\"container\">\n\t\t\t\t\t<div class=\"e-con-inner\">\n\t\t\t\t<div class=\"elementor-element elementor-element-3b9ea55 vision-mission-tab e-n-tabs-none elementor-widget elementor-widget-n-tabs\" data-id=\"3b9ea55\" data-element_type=\"widget\" data-settings=\"{&quot;horizontal_scroll_mobile&quot;:&quot;disable&quot;,&quot;horizontal_scroll&quot;:&quot;disable&quot;,&quot;ekit_we_effect_on&quot;:&quot;none&quot;}\" data-widget_type=\"nested-tabs.default\">\n\t\t\t\t<div class=\"elementor-widget-container\">\n\t\t\t\t\t\t\t<div class=\"e-n-tabs\" data-widget-number=\"62515797\" aria-label=\"Tabs. Open items with Enter or Space, close with Escape and navigate using the Arrow keys.\">\n\t\t\t<div class=\"e-n-tabs-heading\" role=\"tablist\">\n\t\t\t\t\t<button id=\"e-n-tab-title-625157971\" data-tab-title-id=\"e-n-tab-title-625157971\" class=\"e-n-tab-title\" aria-selected=\"true\" data-tab-index=\"1\" role=\"tab\" tabindex=\"0\" aria-controls=\"e-n-tab-content-625157971\" style=\"--n-tabs-title-order: 1;\">\n\t\t\t\t\t\t<span class=\"e-n-tab-title-text\">\n\t\t\t\tNotre Vision\t\t\t<\/span>\n\t\t<\/button>\n\t\t\t\t<button id=\"e-n-tab-title-625157972\" data-tab-title-id=\"e-n-tab-title-625157972\" class=\"e-n-tab-title\" aria-selected=\"false\" data-tab-index=\"2\" role=\"tab\" tabindex=\"-1\" aria-controls=\"e-n-tab-content-625157972\" style=\"--n-tabs-title-order: 2;\">\n\t\t\t\t\t\t<span class=\"e-n-tab-title-text\">\n\t\t\t\tNotre Mission\t\t\t<\/span>\n\t\t<\/button>\n\t\t\t\t<button id=\"e-n-tab-title-625157973\" data-tab-title-id=\"e-n-tab-title-625157973\" class=\"e-n-tab-title\" aria-selected=\"false\" data-tab-index=\"3\" role=\"tab\" tabindex=\"-1\" aria-controls=\"e-n-tab-content-625157973\" style=\"--n-tabs-title-order: 3;\">\n\t\t\t\t\t\t<span class=\"e-n-tab-title-text\">\n\t\t\t\tNos valeurs\t\t\t<\/span>\n\t\t<\/button>\n\t\t\t\t\t<\/div>\n\t\t\t<div class=\"e-n-tabs-content\">\n\t\t\t\t<div id=\"e-n-tab-content-625157971\" role=\"tabpanel\" aria-labelledby=\"e-n-tab-title-625157971\" data-tab-index=\"1\" style=\"--n-tabs-title-order: 1;\" class=\"e-active elementor-element elementor-element-c3c8637 e-con-full e-flex e-con e-child\" data-id=\"c3c8637\" data-element_type=\"container\">\n\t\t<div class=\"elementor-element elementor-element-a01d0f6 e-con-full e-flex e-con e-child\" data-id=\"a01d0f6\" data-element_type=\"container\">\n\t\t\t\t<div class=\"elementor-element elementor-element-0071d32 section-title at-heading-animation at-animation-heading-none elementor-invisible elementor-widget elementor-widget-heading\" data-id=\"0071d32\" data-element_type=\"widget\" data-settings=\"{&quot;_animation&quot;:&quot;fadeInUp&quot;,&quot;ekit_we_effect_on&quot;:&quot;none&quot;}\" data-widget_type=\"heading.default\">\n\t\t\t\t<div class=\"elementor-widget-container\">\n\t\t\t\t\t<h3 class=\"elementor-heading-title elementor-size-default\">Notre vision<\/h3>\t\t\t\t<\/div>\n\t\t\t\t<\/div>\n\t\t\t\t<div class=\"elementor-element elementor-element-6374578 elementor-invisible elementor-widget elementor-widget-heading\" data-id=\"6374578\" data-element_type=\"widget\" data-settings=\"{&quot;_animation&quot;:&quot;fadeInUp&quot;,&quot;_animation_delay&quot;:100,&quot;ekit_we_effect_on&quot;:&quot;none&quot;}\" data-widget_type=\"heading.default\">\n\t\t\t\t<div class=\"elementor-widget-container\">\n\t\t\t\t\t<h2 class=\"elementor-heading-title elementor-size-default\">Votre partenaire de location le plus fiable \u00e0 l\u2019\u00eele Maurice<\/h2>\t\t\t\t<\/div>\n\t\t\t\t<\/div>\n\t\t\t\t<div class=\"elementor-element elementor-element-c0f1714 elementor-invisible elementor-widget elementor-widget-text-editor\" data-id=\"c0f1714\" data-element_type=\"widget\" data-settings=\"{&quot;_animation&quot;:&quot;fadeInUp&quot;,&quot;_animation_delay&quot;:200,&quot;ekit_we_effect_on&quot;:&quot;none&quot;}\" data-widget_type=\"text-editor.default\">\n\t\t\t\t<div class=\"elementor-widget-container\">\n\t\t\t\t\t\t\t\t\t<p>Notre ambition est de devenir une r\u00e9f\u00e9rence fiable de la location de voitures \u00e0 l\u2019\u00eele Maurice, en d\u00e9veloppant notre flotte et en faisant \u00e9voluer nos services en permanence.<\/p><p>Nous avons \u00e0 c\u0153ur de rendre chaque trajet simple, confortable et avantageux pour nos clients.<\/p>\t\t\t\t\t\t\t\t<\/div>\n\t\t\t\t<\/div>\n\t\t\t\t<\/div>\n\t\t<div class=\"elementor-element elementor-element-ad60954 e-con-full e-flex e-con e-child\" data-id=\"ad60954\" data-element_type=\"container\">\n\t\t\t\t<div class=\"elementor-element elementor-element-00c5efe at-image-animation at-animation-image-none elementor-widget elementor-widget-image\" data-id=\"00c5efe\" data-element_type=\"widget\" data-settings=\"{&quot;ekit_we_effect_on&quot;:&quot;none&quot;}\" data-widget_type=\"image.default\">\n\t\t\t\t<div class=\"elementor-widget-container\">\n\t\t\t\t\t\t\t\t\t\t\t\t\t\t\t<img decoding=\"async\" width=\"800\" height=\"534\" src=\"https:\/\/ssm-carrental.com\/wp-content\/uploads\/2024\/10\/car-fleet.jpg\" class=\"attachment-large size-large wp-image-9213\" alt=\"\" srcset=\"https:\/\/ssm-carrental.com\/wp-content\/uploads\/2024\/10\/car-fleet.jpg 1024w, https:\/\/ssm-carrental.com\/wp-content\/uploads\/2024\/10\/car-fleet-300x200.jpg 300w, https:\/\/ssm-carrental.com\/wp-content\/uploads\/2024\/10\/car-fleet-768x512.jpg 768w, https:\/\/ssm-carrental.com\/wp-content\/uploads\/2024\/10\/car-fleet-360x240.jpg 360w\" sizes=\"(max-width: 800px) 100vw, 800px\" \/>\t\t\t\t\t\t\t\t\t\t\t\t\t\t\t<\/div>\n\t\t\t\t<\/div>\n\t\t\t\t<\/div>\n\t\t\t\t<\/div>\n\t\t<div id=\"e-n-tab-content-625157972\" role=\"tabpanel\" aria-labelledby=\"e-n-tab-title-625157972\" data-tab-index=\"2\" style=\"--n-tabs-title-order: 2;\" class=\"elementor-element elementor-element-432134e e-flex e-con-boxed e-con e-child\" data-id=\"432134e\" data-element_type=\"container\">\n\t\t\t\t\t<div class=\"e-con-inner\">\n\t\t<div class=\"elementor-element elementor-element-2863cae e-con-full e-flex e-con e-child\" data-id=\"2863cae\" data-element_type=\"container\">\n\t\t\t\t<div class=\"elementor-element elementor-element-48a85d5 section-title at-heading-animation at-animation-heading-none elementor-invisible elementor-widget elementor-widget-heading\" data-id=\"48a85d5\" data-element_type=\"widget\" data-settings=\"{&quot;_animation&quot;:&quot;fadeInUp&quot;,&quot;ekit_we_effect_on&quot;:&quot;none&quot;}\" data-widget_type=\"heading.default\">\n\t\t\t\t<div class=\"elementor-widget-container\">\n\t\t\t\t\t<h3 class=\"elementor-heading-title elementor-size-default\">Notre mission<\/h3>\t\t\t\t<\/div>\n\t\t\t\t<\/div>\n\t\t\t\t<div class=\"elementor-element elementor-element-2b9cd09 elementor-invisible elementor-widget elementor-widget-heading\" data-id=\"2b9cd09\" data-element_type=\"widget\" data-settings=\"{&quot;_animation&quot;:&quot;fadeInUp&quot;,&quot;_animation_delay&quot;:100,&quot;ekit_we_effect_on&quot;:&quot;none&quot;}\" data-widget_type=\"heading.default\">\n\t\t\t\t<div class=\"elementor-widget-container\">\n\t\t\t\t\t<h2 class=\"elementor-heading-title elementor-size-default\">Proposer un service de location de voiture irr\u00e9prochable<\/h2>\t\t\t\t<\/div>\n\t\t\t\t<\/div>\n\t\t\t\t<div class=\"elementor-element elementor-element-2aa56e9 elementor-invisible elementor-widget elementor-widget-text-editor\" data-id=\"2aa56e9\" data-element_type=\"widget\" data-settings=\"{&quot;_animation&quot;:&quot;fadeInUp&quot;,&quot;_animation_delay&quot;:200,&quot;ekit_we_effect_on&quot;:&quot;none&quot;}\" data-widget_type=\"text-editor.default\">\n\t\t\t\t<div class=\"elementor-widget-container\">\n\t\t\t\t\t\t\t\t\t<p>Notre mission chez SSM Car Rental est claire : proposer un service de location de voiture fiable et adapt\u00e9 \u00e0 la diversit\u00e9 des attentes de notre client\u00e8le.<\/p><p>Nous veillons \u00e0 mettre \u00e0 disposition des voitures bien entretenues, \u00e0 prix raisonnables, et confortablement \u00e9quip\u00e9es.<\/p>\t\t\t\t\t\t\t\t<\/div>\n\t\t\t\t<\/div>\n\t\t\t\t<\/div>\n\t\t<div class=\"elementor-element elementor-element-4b86cda e-con-full e-flex e-con e-child\" data-id=\"4b86cda\" data-element_type=\"container\">\n\t\t\t\t<div class=\"elementor-element elementor-element-6d100a6 at-image-animation at-animation-image-none elementor-widget elementor-widget-image\" data-id=\"6d100a6\" data-element_type=\"widget\" data-settings=\"{&quot;ekit_we_effect_on&quot;:&quot;none&quot;}\" data-widget_type=\"image.default\">\n\t\t\t\t<div class=\"elementor-widget-container\">\n\t\t\t\t\t\t\t\t\t\t\t\t\t\t\t<img loading=\"lazy\" decoding=\"async\" width=\"800\" height=\"534\" src=\"https:\/\/ssm-carrental.com\/wp-content\/uploads\/2024\/10\/car-rental-service.jpg\" class=\"attachment-large size-large wp-image-9214\" alt=\"\" srcset=\"https:\/\/ssm-carrental.com\/wp-content\/uploads\/2024\/10\/car-rental-service.jpg 1024w, https:\/\/ssm-carrental.com\/wp-content\/uploads\/2024\/10\/car-rental-service-300x200.jpg 300w, https:\/\/ssm-carrental.com\/wp-content\/uploads\/2024\/10\/car-rental-service-768x512.jpg 768w, https:\/\/ssm-carrental.com\/wp-content\/uploads\/2024\/10\/car-rental-service-360x240.jpg 360w\" sizes=\"(max-width: 800px) 100vw, 800px\" \/>\t\t\t\t\t\t\t\t\t\t\t\t\t\t\t<\/div>\n\t\t\t\t<\/div>\n\t\t\t\t<\/div>\n\t\t\t\t\t<\/div>\n\t\t\t\t<\/div>\n\t\t<div id=\"e-n-tab-content-625157973\" role=\"tabpanel\" aria-labelledby=\"e-n-tab-title-625157973\" data-tab-index=\"3\" style=\"--n-tabs-title-order: 3;\" class=\"elementor-element elementor-element-7120cb1 e-flex e-con-boxed e-con e-child\" data-id=\"7120cb1\" data-element_type=\"container\">\n\t\t\t\t\t<div class=\"e-con-inner\">\n\t\t<div class=\"elementor-element elementor-element-4c0ca9c e-con-full e-flex e-con e-child\" data-id=\"4c0ca9c\" data-element_type=\"container\">\n\t\t\t\t<div class=\"elementor-element elementor-element-28b5d6c section-title at-heading-animation at-animation-heading-none elementor-invisible elementor-widget elementor-widget-heading\" data-id=\"28b5d6c\" data-element_type=\"widget\" data-settings=\"{&quot;_animation&quot;:&quot;fadeInUp&quot;,&quot;ekit_we_effect_on&quot;:&quot;none&quot;}\" data-widget_type=\"heading.default\">\n\t\t\t\t<div class=\"elementor-widget-container\">\n\t\t\t\t\t<h3 class=\"elementor-heading-title elementor-size-default\">Nos valeurs<\/h3>\t\t\t\t<\/div>\n\t\t\t\t<\/div>\n\t\t\t\t<div class=\"elementor-element elementor-element-b7a659f elementor-invisible elementor-widget elementor-widget-heading\" data-id=\"b7a659f\" data-element_type=\"widget\" data-settings=\"{&quot;_animation&quot;:&quot;fadeInUp&quot;,&quot;_animation_delay&quot;:100,&quot;ekit_we_effect_on&quot;:&quot;none&quot;}\" data-widget_type=\"heading.default\">\n\t\t\t\t<div class=\"elementor-widget-container\">\n\t\t\t\t\t<h2 class=\"elementor-heading-title elementor-size-default\">Une relation de confiance et de transparence, tout au long de votre exp\u00e9rience<\/h2>\t\t\t\t<\/div>\n\t\t\t\t<\/div>\n\t\t\t\t<div class=\"elementor-element elementor-element-dd6b3d8 elementor-invisible elementor-widget elementor-widget-text-editor\" data-id=\"dd6b3d8\" data-element_type=\"widget\" data-settings=\"{&quot;_animation&quot;:&quot;fadeInUp&quot;,&quot;_animation_delay&quot;:200,&quot;ekit_we_effect_on&quot;:&quot;none&quot;}\" data-widget_type=\"text-editor.default\">\n\t\t\t\t<div class=\"elementor-widget-container\">\n\t\t\t\t\t\t\t\t\t<p>La satisfaction de nos clients est au c\u0153ur de notre d\u00e9marche. Nous nous effor\u00e7ons de garantir une exp\u00e9rience de location fluide, avec des v\u00e9hicules s\u00fbrs, bien entretenus et toujours propres, tout en maintenant un service honn\u00eate et transparent.<\/p><p>En mettant l\u2019accent sur l\u2019accessibilit\u00e9, nous veillons \u00e0 vous proposer les meilleures offres de location sans compromis sur la qualit\u00e9.<\/p>\t\t\t\t\t\t\t\t<\/div>\n\t\t\t\t<\/div>\n\t\t\t\t<\/div>\n\t\t<div class=\"elementor-element elementor-element-1040acd e-con-full e-flex e-con e-child\" data-id=\"1040acd\" data-element_type=\"container\">\n\t\t\t\t<div class=\"elementor-element elementor-element-b924cb6 at-image-animation at-animation-image-none elementor-widget elementor-widget-image\" data-id=\"b924cb6\" data-element_type=\"widget\" data-settings=\"{&quot;ekit_we_effect_on&quot;:&quot;none&quot;}\" data-widget_type=\"image.default\">\n\t\t\t\t<div class=\"elementor-widget-container\">\n\t\t\t\t\t\t\t\t\t\t\t\t\t\t\t<img loading=\"lazy\" decoding=\"async\" width=\"800\" height=\"534\" src=\"https:\/\/ssm-carrental.com\/wp-content\/uploads\/2024\/10\/car-thumbup.jpg\" class=\"attachment-large size-large wp-image-9215\" alt=\"\" srcset=\"https:\/\/ssm-carrental.com\/wp-content\/uploads\/2024\/10\/car-thumbup.jpg 1024w, https:\/\/ssm-carrental.com\/wp-content\/uploads\/2024\/10\/car-thumbup-300x200.jpg 300w, https:\/\/ssm-carrental.com\/wp-content\/uploads\/2024\/10\/car-thumbup-768x512.jpg 768w, https:\/\/ssm-carrental.com\/wp-content\/uploads\/2024\/10\/car-thumbup-360x240.jpg 360w\" sizes=\"(max-width: 800px) 100vw, 800px\" \/>\t\t\t\t\t\t\t\t\t\t\t\t\t\t\t<\/div>\n\t\t\t\t<\/div>\n\t\t\t\t<\/div>\n\t\t\t\t\t<\/div>\n\t\t\t\t<\/div>\n\t\t\t\t\t<\/div>\n\t\t<\/div>\n\t\t\t\t\t\t<\/div>\n\t\t\t\t<\/div>\n\t\t\t\t\t<\/div>\n\t\t\t\t<\/div>\n\t\t\t\t\t<\/div>\n\t\t\t\t<\/div>\n\t\t\t\t<\/div>","protected":false},"excerpt":{"rendered":"<p>About Us Home About Us Our History Founded 10 years ago with [&hellip;]<\/p>","protected":false},"author":1,"featured_media":0,"parent":0,"menu_order":0,"comment_status":"closed","ping_status":"closed","template":"elementor_header_footer","meta":{"footnotes":""},"class_list":["post-776","page","type-page","status-publish","hentry"],"_links":{"self":[{"href":"https:\/\/ssm-carrental.com\/fr\/wp-json\/wp\/v2\/pages\/776","targetHints":{"allow":["GET"]}}],"collection":[{"href":"https:\/\/ssm-carrental.com\/fr\/wp-json\/wp\/v2\/pages"}],"about":[{"href":"https:\/\/ssm-carrental.com\/fr\/wp-json\/wp\/v2\/types\/page"}],"author":[{"embeddable":true,"href":"https:\/\/ssm-carrental.com\/fr\/wp-json\/wp\/v2\/users\/1"}],"replies":[{"embeddable":true,"href":"https:\/\/ssm-carrental.com\/fr\/wp-json\/wp\/v2\/comments?post=776"}],"version-history":[{"count":40,"href":"https:\/\/ssm-carrental.com\/fr\/wp-json\/wp\/v2\/pages\/776\/revisions"}],"predecessor-version":[{"id":9493,"href":"https:\/\/ssm-carrental.com\/fr\/wp-json\/wp\/v2\/pages\/776\/revisions\/9493"}],"wp:attachment":[{"href":"https:\/\/ssm-carrental.com\/fr\/wp-json\/wp\/v2\/media?parent=776"}],"curies":[{"name":"wp","href":"https:\/\/api.w.org\/{rel}","templated":true}]}}